{"id":126,"date":"2020-09-30T17:24:48","date_gmt":"2020-09-30T17:24:48","guid":{"rendered":"https:\/\/instafiliado.com\/?page_id=126"},"modified":"2021-11-22T20:52:28","modified_gmt":"2021-11-22T20:52:28","slug":"promotions","status":"publish","type":"page","link":"https:\/\/instafiliado.com\/es\/promotions\/","title":{"rendered":"Promociones"},"content":{"rendered":"<p class=\"has-medium-font-size\"><\/p>\n\n\n\n<p><\/p>\n\n\n\n<ul><li>New affiliates can check back with their Affiliate Managers to see if any special monthly promotions are running . To get started earnings, <strong><a href=\"https:\/\/login.instafiliado.com\/signup.php\">create an affiliate account<\/a><\/strong> and add banners and links to your website. The more you promote the more your can earn.  <\/li><\/ul>\n\n\n\n<div style=\"height:45px\" aria-hidden=\"true\" class=\"wp-block-spacer\"><\/div>","protected":false},"excerpt":{"rendered":"<p>Los nuevos afiliados pueden volver a consultar con sus administradores de afiliados para ver si se est\u00e1n ejecutando promociones especiales mensuales. Para comenzar con las ganancias, cree una cuenta de afiliado y agregue banners y enlaces a su sitio web. Cuanto m\u00e1s promocione, m\u00e1s podr\u00e1 ganar.<\/p>","protected":false},"author":3,"featured_media":0,"parent":0,"menu_order":0,"comment_status":"closed","ping_status":"closed","template":"","meta":[],"_links":{"self":[{"href":"https:\/\/instafiliado.com\/es\/wp-json\/wp\/v2\/pages\/126"}],"collection":[{"href":"https:\/\/instafiliado.com\/es\/wp-json\/wp\/v2\/pages"}],"about":[{"href":"https:\/\/instafiliado.com\/es\/wp-json\/wp\/v2\/types\/page"}],"author":[{"embeddable":true,"href":"https:\/\/instafiliado.com\/es\/wp-json\/wp\/v2\/users\/3"}],"replies":[{"embeddable":true,"href":"https:\/\/instafiliado.com\/es\/wp-json\/wp\/v2\/comments?post=126"}],"version-history":[{"count":5,"href":"https:\/\/instafiliado.com\/es\/wp-json\/wp\/v2\/pages\/126\/revisions"}],"predecessor-version":[{"id":540,"href":"https:\/\/instafiliado.com\/es\/wp-json\/wp\/v2\/pages\/126\/revisions\/540"}],"wp:attachment":[{"href":"https:\/\/instafiliado.com\/es\/wp-json\/wp\/v2\/media?parent=126"}],"curies":[{"name":"wp","href":"https:\/\/api.w.org\/{rel}","templated":true}]}}