{"id":324,"date":"2021-01-18T22:05:11","date_gmt":"2021-01-18T22:05:11","guid":{"rendered":"https:\/\/instafiliado.com\/?page_id=324"},"modified":"2021-07-22T17:00:12","modified_gmt":"2021-07-22T17:00:12","slug":"instabet-mx","status":"publish","type":"page","link":"https:\/\/instafiliado.com\/es\/our-brands\/instabet-mx\/","title":{"rendered":"Instabet.mx"},"content":{"rendered":"<p><strong>Instabet Overview<\/strong><\/p>\n\n\n\n<p>InstaBET.mx, es una marca de casino y apuestas deportivas con licencia totalmente legal exclusiva para residencias de M\u00e9xico. <br><br>InstaBET.mx, es una marca de casino y apuestas deportivas con licencia totalmente legal exclusiva para residencias de M\u00e9xico. InstaBET.mx ofrece una plataforma de apuestas deportivas de primera clase y un destino de casino en l\u00ednea como cualquier otro. Disfrute de la acci\u00f3n de las apuestas deportivas y la emoci\u00f3n del juego de personas apasionadas por la satisfacci\u00f3n de sus clientes.<\/p>\n\n\n\n<p>En poco tiempo, Instabet.mx se ha establecido como una opci\u00f3n popular para los entusiastas de los juegos de azar mexicanos que buscan un lugar divertido, seguro e incre\u00edblemente lucrativo para apostar.&nbsp;<\/p>\n\n\n\n<p>Su casa de apuestas ofrece una amplia variedad de opciones de apuestas, desde f\u00fatbol, f\u00fatbol, MMA o boxeo, as\u00ed como deportes internacionales como Rugby y Cricket. Incluso puede apostar en videojuegos de entretenimiento, pol\u00edtica y deportes simulados como FIFA20 y League of Legends.<\/p>\n\n\n\n<p>Instabet's Casino es el complemento perfecto para Sportsbook, que ofrece cientos de opciones \u00fanicas de tragamonedas (muchas de las cuales son en 3D), juegos de mesa cl\u00e1sicos como Blackjack y Ruleta, y opciones de casino en vivo para jugadores que quieren sumergirse realmente en la acci\u00f3n.&nbsp;<\/p>\n\n\n\n<p>Con una interfaz clara y colorida, un flujo interminable de deportes y eventos para apostar, cientos de opciones de casino y un Racebook de primer nivel, Instabet.mx es su ventanilla \u00fanica cuando se trata de apuestas en l\u00ednea.<\/p>\n\n\n\n<p>Bonificaciones<\/p>\n\n\n\n<p>Bonos de bienvenida<\/p>\n\n\n\n<ul><li>100% Sign-up Bonus<ul><li>La bonificaci\u00f3n por primer dep\u00f3sito otorga una bonificaci\u00f3n del 100% sobre la cantidad de su dep\u00f3sito inicial. El dep\u00f3sito m\u00ednimo para recibir este bono es de $500 MXN. El bono m\u00e1ximo que puede recibir es de $ 18500 MXN. El requisito de reinversi\u00f3n para este bono es 10 veces (10x) y una vez (1x) por el monto del dep\u00f3sito original antes de que los fondos sean elegibles para retiro.<\/li><\/ul><\/li><\/ul>\n\n\n\n<p>C\u00f3digo promocional: <strong>DEPORTES100<\/strong><\/p>\n\n\n\n<p>Bonificaciones para clientes de apuestas deportivas<\/p>\n\n\n\n<ul><li>25% de recarga deportiva<ul><li>El bono de recarga deportiva del 25% otorga a los jugadores hasta $ 10000 por dep\u00f3sitos que califiquen. Este bono se puede canjear hasta 3 veces al d\u00eda.<\/li><\/ul><\/li><li>Reembolso del 8% por caballos<ul><li>Realice una apuesta de carreras de caballos y reciba un reembolso del 8% depositado en su cuenta.<\/li><\/ul><\/li><li>Bono de referencia del 200%<ul><li>Reciba hasta $4000 MXN cada vez que uno de sus amigos se registre y cargue fondos en una nueva cuenta de Instabet.<\/li><\/ul><\/li><\/ul>\n\n\n\n<p>Dese la vuelta<\/p>\n\n\n\n<p>Cada bono viene con un requisito de reinversi\u00f3n, que es un est\u00e1ndar de la industria.<\/p>\n\n\n\n<p>La bonificaci\u00f3n t\u00edpica ir\u00e1 acompa\u00f1ada de un requisito de reinversi\u00f3n de 10 veces, lo que significa que si deposit\u00f3 R $ 100 y recibi\u00f3 una bonificaci\u00f3n del 100%, su reinversi\u00f3n total ser\u00eda igual a (100 + 100) x 10 = R $ 2000.<br><br>Se deben cumplir los requisitos de apuesta (reinversi\u00f3n) antes de solicitar un pago. Ejemplo de rollover:<\/p>\n\n\n\n<ul><li>Deposit: $1,000<\/li><li>Bonus: $1,000<\/li><li>Dese la vuelta: 10x<\/li><\/ul>\n\n\n\n<p>Requisito de apuesta antes de retirarse:<\/p>\n\n\n\n<ul><li>$1,000 x 1 = $1,000<\/li><li>$1,000 x 10 = $10,000<\/li><li>Total: $11,000<\/li><\/ul>\n\n\n\n<p>La transferencia no es la cantidad que necesita para ganar o perder, solo la cantidad total que debe apostar antes de poder retirar. Algunos se refieren a esto como su asa de apuestas activa, que comienza cada vez que recibe un bono de dep\u00f3sito.<\/p>\n\n\n\n<p>Dep\u00f3sitos<\/p>\n\n\n\n<p>Hay varias formas de depositar fondos en su cuenta de Instabet, la mayor\u00eda de las cuales son accesibles al instante. A continuaci\u00f3n, encontrar\u00e1 todas las opciones de dep\u00f3sito de Instabet, junto con los m\u00ednimos y m\u00e1ximos por dep\u00f3sito, as\u00ed como el tiempo que tardan en procesarse.<\/p>\n\n\n\n<ul><li>Visa \/ Mastercard: Min. $ 45 MXN, M\u00e1x. $ 3,200 pesos<\/li><li>Transferencias en efectivo: Min. $ 20 MXN, M\u00e1x. $ 10,000 MXN<br>Os locais de transfer\u00eancia de dinheiro incluem: Oxxo, 7Eleven, Walmart e Soriana<\/li><li>Todito Cash: Min. $ 10 MXN, M\u00e1x. $ 3,000 MXN<\/li><li>SPEI es un sistema desarrollado y operado por el Banco de M\u00e9xico: M\u00edn. $ 20 MXN, M\u00e1x. $ 10,000 MXN<\/li><\/ul>\n\n\n\n<p><\/p>\n\n\n\n<pre class=\"wp-block-code\"><code><iframe loading=\"lazy\" src=\"https:\/\/player.vimeo.com\/video\/504591931\" allow=\"autoplay; fullscreen; picture-in-picture\" allowfullscreen=\"\" width=\"420\" height=\"570\" frameborder=\"0\"><\/iframe><\/code><\/pre>\n\n\n\n<p><\/p>","protected":false},"excerpt":{"rendered":"<p>Instabet Overview InstaBET.mx, is a fully legal licensed sportsbook and casino brand exclusive to residences of Mexico. InstaBET.mx offers a first in class sports betting platform and an online casino destination like to other. Enjoy the action of sports betting and the excitement of gambling from people who are passionate about their customers satisfaction. In [&hellip;]<\/p>","protected":false},"author":3,"featured_media":443,"parent":22,"menu_order":0,"comment_status":"closed","ping_status":"closed","template":"","meta":[],"_links":{"self":[{"href":"https:\/\/instafiliado.com\/es\/wp-json\/wp\/v2\/pages\/324"}],"collection":[{"href":"https:\/\/instafiliado.com\/es\/wp-json\/wp\/v2\/pages"}],"about":[{"href":"https:\/\/instafiliado.com\/es\/wp-json\/wp\/v2\/types\/page"}],"author":[{"embeddable":true,"href":"https:\/\/instafiliado.com\/es\/wp-json\/wp\/v2\/users\/3"}],"replies":[{"embeddable":true,"href":"https:\/\/instafiliado.com\/es\/wp-json\/wp\/v2\/comments?post=324"}],"version-history":[{"count":17,"href":"https:\/\/instafiliado.com\/es\/wp-json\/wp\/v2\/pages\/324\/revisions"}],"predecessor-version":[{"id":459,"href":"https:\/\/instafiliado.com\/es\/wp-json\/wp\/v2\/pages\/324\/revisions\/459"}],"up":[{"embeddable":true,"href":"https:\/\/instafiliado.com\/es\/wp-json\/wp\/v2\/pages\/22"}],"wp:featuredmedia":[{"embeddable":true,"href":"https:\/\/instafiliado.com\/es\/wp-json\/wp\/v2\/media\/443"}],"wp:attachment":[{"href":"https:\/\/instafiliado.com\/es\/wp-json\/wp\/v2\/media?parent=324"}],"curies":[{"name":"wp","href":"https:\/\/api.w.org\/{rel}","templated":true}]}}