{"id":326,"date":"2021-01-18T22:23:18","date_gmt":"2021-01-18T22:23:18","guid":{"rendered":"https:\/\/instafiliado.com\/?page_id=326"},"modified":"2021-09-09T16:36:47","modified_gmt":"2021-09-09T16:36:47","slug":"instabet-net","status":"publish","type":"page","link":"https:\/\/instafiliado.com\/es\/our-brands\/instabet-net\/","title":{"rendered":"Instabet.net"},"content":{"rendered":"<p>A InstaBET.net \u00e9 um dos melhores sites de Apostas Esportivas, Cassino e Turfe online do Brasil. <\/p>\n\n\n\n<p>Oferece b\u00f4nus de boas- vindas para novos inscritos, assim como b\u00f4nus de dep\u00f3sito, proporcionando aos jogadores uma incr\u00edvel experi\u00eancia em apostas esportivas. A InstaBET.net disp\u00f5e de um sistema totalmente seguro para que os usu\u00e1rios possam realizar suas apostas, bem como uma s\u00e9rie de produtos de primeira linha e, por estas raz\u00f5es, contamos com certificado de seguran\u00e7a SSL v\u00e1lido para que seus dados estejam sempre protegidos.<\/p>\n\n\n\n<p>A InstaBET.net \u00e9 uma casa de apostas online absolutamente legal e sua responsabilidade determina a legalidade de realizar apostas esportivas online em sua jurisdi\u00e7\u00e3o.<\/p>\n\n\n\n<p>Com uma interface clara e colorida, um cat\u00e1lago infinito de esportes e eventos para apostar, centenas de op\u00e7\u00f5es de cassino e Corrida de Cavalos de primeira linha, Instabet.net \u00e9 o seu balc\u00e3o \u00fanico quando se trata de apostas online.<\/p>\n\n\n\n<p><\/p>\n\n\n\n<p class=\"has-normal-font-size\"><strong><u>BONIFICA\u00c7\u00d5ES<\/u><\/strong><\/p>\n\n\n\n<p><strong>B\u00f4nus de Boas Vindas<\/strong><br><\/p>\n\n\n\n<ul><li>B\u00f4nus de Boas-Vindas a Esportes<\/li><\/ul>\n\n\n\n<p>O B\u00f4nus de Primeiro Dep\u00f3sito oferece um B\u00f4nus de 100% sobre o valor do seu dep\u00f3sito inicial. O dep\u00f3sito m\u00ednimo para receber este b\u00f4nus \u00e9 de R$50. O b\u00f4nus m\u00e1ximo que voc\u00ea pode receber \u00e9 de R$ 4.000 . O requisito de rollover para este b\u00f4nus \u00e9 de 10 vezes (10x) e uma vez (1x), antes que os fundos sejam eleg\u00edveis para saque.<\/p>\n\n\n\n<p>C\u00f3digo promocional: insta100<\/p>\n\n\n\n<p><\/p>\n\n\n\n<p><strong>B\u00f4nus de apostas esportivas para clientes<\/strong><\/p>\n\n\n\n<p><\/p>\n\n\n\n<ul><li>Dep\u00f3sito de Recarga de 25%<\/li><\/ul>\n\n\n\n<p>O b\u00f4nus de recarga esportiva de 25% concede aos jogadores at\u00e9 R $ 2.000 para dep\u00f3sitos atual. Este b\u00f4nus pode ser resgatado at\u00e9 3 vezes por dia.<br>O requisito de rollover para este b\u00f4nus \u00e9 de 10 vezes (10x) e uma vez (1x), antes que os fundos sejam eleg\u00edveis para saque.<br>Promo\u00e7\u00e3o v\u00e1lida \u00e0s segundas-feiras, ter\u00e7as-feiras, quartas-feiras e quintas-feiras.<br><br>C\u00f3digo promocional: insta25<\/p>\n\n\n\n<p><\/p>\n\n\n\n<ul><li>Reembolso de 8% nas corridas de cavalos<\/li><\/ul>\n\n\n\n<p>Basta fazer suas apostas e obter um reembolso de 8%, para faixas qualificadas, depositadas diretamente na sua conta.<br>Requisito de rollover na bonifica\u00e7\u00e3o \u00e9 de 1 vez (1x), antes dos fundos sejam eleg\u00edveis para saque.<\/p>\n\n\n\n<p><\/p>\n\n\n\n<ul><li>B\u00f4nus de indica\u00e7\u00e3o de 200%<\/li><\/ul>\n\n\n\n<p>Receba at\u00e9 R$800 toda vez que um de seus amigos se cadastrar e depositar em uma nova conta Instabet. N\u00e3o h\u00e1 limite de amigos que voc\u00ea pode indicar.<br>Requisito de rollover na bonifica\u00e7\u00e3o \u00e9 de 5 vezes (5x) antes que os fundos sejam eleg\u00edveis para saque.<\/p>\n\n\n\n<p class=\"has-normal-font-size\"><strong><u><br>ROLLOVER<\/u><\/strong><\/p>\n\n\n\n<p>Cada b\u00f4nus vem com um requisito de rollover, que \u00e9 um padr\u00e3o do setor.<\/p>\n\n\n\n<p>O b\u00f4nus t\u00edpico ser\u00e1 acompanhado por uma exig\u00eancia de rollover de 10x, o que significa que se voc\u00ea depositou R$100 e recebeu um b\u00f4nus de 100%, seu rollover total seria igual a (100 + 100) x 10 = R$ 2.000.<\/p>\n\n\n\n<p>Os requisitos de aposta (rollover) devem ser atendidos antes de solicitar um pagamento. Exemplo de rollover:<\/p>\n\n\n\n<ul><li><strong>Dep\u00f3sito<\/strong>&nbsp;de R$ 1.000,00<ul><li>R$1.000,00 x 1 = R$1.000,00.<\/li><\/ul><\/li><li><strong>B\u00f4nus<\/strong>&nbsp;de R$ 100,00<ul><li>R$ 100,00 x10 = R$10.000,00.<\/li><\/ul><\/li><li><strong>Rollover<\/strong><ul><li><strong>Total<\/strong>&nbsp;R$11.000.00.<\/li><\/ul><\/li><\/ul>\n\n\n\n<p>O rollover n\u00e3o \u00e9 o valor que voc\u00ea precisa para ganhar ou perder, apenas o valor total que precisa ser apostado antes de poder sacar. Alguns se referem a isso como seu identificador de aposta ativo, que come\u00e7a cada vez que voc\u00ea recebe um b\u00f4nus de dep\u00f3sito.<\/p>\n\n\n\n<p class=\"has-normal-font-size\"><strong><u><br>DEP\u00d3SITOS<\/u><\/strong><\/p>\n\n\n\n<p>A InstaBET tem muitos m\u00e9todos de pagamentos para que voc\u00ea possa adicionar dinheiro a sua conta. Veja algumas op\u00e7\u00f5es abaixo:<\/p>\n\n\n\n<ul><li>Cart\u00f5es Visa\u00a0 e MasterCard\u00a0 (R$ 50,00 \u00e0 R$ 1.000,00);<\/li><li>Boleto Banc\u00e1rio\u00a0 (R$ 50,00 \u00e0 R$ 5.000,00);<\/li><li>VCreditos (R$ 50,00 \u00e0 R$ 5.000,00).<\/li><\/ul>\n\n\n\n<p><\/p>\n\n\n\n<p><\/p>","protected":false},"excerpt":{"rendered":"<p>Ofreciendo a los brasile\u00f1os la m\u00e1s amplia gama de opciones de apuestas deportivas en l\u00ednea que la industria tiene para ofrecer, los paquetes de bienvenida m\u00e1s competitivos en nuevos registros, as\u00ed como bonificaciones por partidos y pagos r\u00e1pidos y f\u00e1ciles. Encarnamos una experiencia de juego excepcional para que la disfruten todos los clientes.<\/p>","protected":false},"author":3,"featured_media":442,"parent":22,"menu_order":1,"comment_status":"closed","ping_status":"closed","template":"","meta":[],"_links":{"self":[{"href":"https:\/\/instafiliado.com\/es\/wp-json\/wp\/v2\/pages\/326"}],"collection":[{"href":"https:\/\/instafiliado.com\/es\/wp-json\/wp\/v2\/pages"}],"about":[{"href":"https:\/\/instafiliado.com\/es\/wp-json\/wp\/v2\/types\/page"}],"author":[{"embeddable":true,"href":"https:\/\/instafiliado.com\/es\/wp-json\/wp\/v2\/users\/3"}],"replies":[{"embeddable":true,"href":"https:\/\/instafiliado.com\/es\/wp-json\/wp\/v2\/comments?post=326"}],"version-history":[{"count":11,"href":"https:\/\/instafiliado.com\/es\/wp-json\/wp\/v2\/pages\/326\/revisions"}],"predecessor-version":[{"id":472,"href":"https:\/\/instafiliado.com\/es\/wp-json\/wp\/v2\/pages\/326\/revisions\/472"}],"up":[{"embeddable":true,"href":"https:\/\/instafiliado.com\/es\/wp-json\/wp\/v2\/pages\/22"}],"wp:featuredmedia":[{"embeddable":true,"href":"https:\/\/instafiliado.com\/es\/wp-json\/wp\/v2\/media\/442"}],"wp:attachment":[{"href":"https:\/\/instafiliado.com\/es\/wp-json\/wp\/v2\/media?parent=326"}],"curies":[{"name":"wp","href":"https:\/\/api.w.org\/{rel}","templated":true}]}}