{"id":45,"date":"2020-09-07T17:43:29","date_gmt":"2020-09-07T17:43:29","guid":{"rendered":"http:\/\/instafiliado.com\/?page_id=45"},"modified":"2021-09-27T13:03:20","modified_gmt":"2021-09-27T13:03:20","slug":"program-details","status":"publish","type":"page","link":"https:\/\/instafiliado.com\/es\/program-details\/","title":{"rendered":"Detalles Del Programa"},"content":{"rendered":"<p class=\"has-text-align-center has-medium-font-size\"><strong>Si busca convertirse en un afiliado exitoso, ha venido al lugar correcto.<\/strong><\/p>\n\n\n\n<p>Los afiliados de apuestas deportivas y casinos pueden ganar comisiones por el tr\u00e1fico de su sitio web o por sus habilidades de marketing directo. La industria de iGaming es una que est\u00e1 en constante crecimiento y evoluci\u00f3n, ya es ampliamente reconocida como un mercado de miles de millones de d\u00f3lares. Nuestro \u00e9xito se mide por el aumento de los ingresos de los afiliados y la conversi\u00f3n del tr\u00e1fico. Nuestro \u00fanico prop\u00f3sito es construir socios a largo plazo para las marcas de Instabet y que puedan ofrecer un producto de casino y apuestas deportivas en l\u00ednea de primer nivel para los mercados de LATAM. Tenga en cuenta que el mercado clave para Instabet.mx es para residentes mexicanos e Instabet.net para residentes brasile\u00f1os. Instabet.com ser\u00e1 para todos los dem\u00e1s GEO de LATAM.        <\/p>\n\n\n\n<p>Promocione Instabet ahora y gane una parte de la acci\u00f3n. <\/p>\n\n\n\n<p><\/p>\n\n\n\n<figure class=\"wp-block-image\"><img alt=\"\"\/><\/figure>\n\n\n\n<h2>Participaci\u00f3n en los ingresos<\/h2>\n\n\n\n<div class=\"wp-block-image\"><figure class=\"alignleft size-large is-resized\"><img decoding=\"async\" loading=\"lazy\" src=\"https:\/\/instafiliado.com\/wp-content\/uploads\/2021\/09\/ESP-REVSHARE-186x141-1.jpg\" alt=\"\" class=\"wp-image-66\" width=\"139\" height=\"139\" srcset=\"https:\/\/instafiliado.com\/wp-content\/uploads\/2021\/09\/ESP-REVSHARE-186x141-1.jpg 388w, https:\/\/instafiliado.com\/wp-content\/uploads\/2021\/09\/ESP-REVSHARE-186x141-1-300x227.jpg 300w, https:\/\/instafiliado.com\/wp-content\/uploads\/2021\/09\/ESP-REVSHARE-186x141-1-16x12.jpg 16w\" sizes=\"(max-width: 139px) 100vw, 139px\" \/><\/figure><\/div>\n\n\n\n<p><br>Nuestra opci\u00f3n de comisi\u00f3n m\u00e1s popular es nuestro generoso plan de participaci\u00f3n en los ingresos de 4 niveles. Cuando ganamos dinero, \u00a1t\u00fa tambi\u00e9n lo ganas! Ofrecemos a nuestros socios hasta el 35% del total de NGR de los clientes que refieras a nuestras marcas.<br><\/p>\n\n\n\n<p><\/p>\n\n\n\n<figure class=\"wp-block-image\"><img alt=\"\"\/><\/figure>\n\n\n\n<p><\/p>\n\n\n\n<hr class=\"wp-block-separator has-text-color has-background has-cyan-bluish-gray-background-color has-cyan-bluish-gray-color is-style-wide\"\/>\n\n\n\n<div style=\"height:50px\" aria-hidden=\"true\" class=\"wp-block-spacer\"><\/div>\n\n\n\n<h2>Costo por cuenta (CPA)<\/h2>\n\n\n\n<div class=\"wp-block-image\"><figure class=\"alignleft size-large is-resized\"><img decoding=\"async\" loading=\"lazy\" src=\"https:\/\/instafiliado.com\/wp-content\/uploads\/2021\/09\/ESP-CPA-186x141-1.jpg\" alt=\"\" class=\"wp-image-82\" width=\"139\" height=\"139\" srcset=\"https:\/\/instafiliado.com\/wp-content\/uploads\/2021\/09\/ESP-CPA-186x141-1.jpg 388w, https:\/\/instafiliado.com\/wp-content\/uploads\/2021\/09\/ESP-CPA-186x141-1-300x228.jpg 300w, https:\/\/instafiliado.com\/wp-content\/uploads\/2021\/09\/ESP-CPA-186x141-1-16x12.jpg 16w\" sizes=\"(max-width: 139px) 100vw, 139px\" \/><\/figure><\/div>\n\n\n\n<p><\/p>\n\n\n\n<p>Los afiliados pueden solicitar una estructura de comisiones de costo por cuenta (CPA). Tenga en cuenta que esto significa que el jugador ha alcanzado el dep\u00f3sito m\u00ednimo que califica para obtener los ingresos de CPA. <\/p>\n\n\n\n<p>Despu\u00e9s de haber abierto una cuenta, consulte directamente por correo electr\u00f3nico a <a href=\"https:\/\/instafiliado.com\/es\/#\">afiliado@instafiliado.com<\/a> si prefiere tener una cuenta de CPA. Podremos revisar mejor lo que podemos ofrecer seg\u00fan la marca, el canal de producto, la calidad del tr\u00e1fico y la ubicaci\u00f3n geogr\u00e1fica.<\/p>\n\n\n\n<p><br><\/p>\n\n\n\n<hr class=\"wp-block-separator has-text-color has-background has-cyan-bluish-gray-background-color has-cyan-bluish-gray-color is-style-wide\"\/>\n\n\n\n<div style=\"height:50px\" aria-hidden=\"true\" class=\"wp-block-spacer\"><\/div>\n\n\n\n<h2>Planes de comisiones h\u00edbridas<\/h2>\n\n\n\n<div class=\"wp-block-image\"><figure class=\"alignleft size-large is-resized\"><img decoding=\"async\" loading=\"lazy\" src=\"https:\/\/instafiliado.com\/wp-content\/uploads\/2021\/09\/ESP-HIBRIDO-186x141-1.jpg\" alt=\"\" class=\"wp-image-83\" width=\"139\" height=\"139\"\/><\/figure><\/div>\n\n\n\n<p>Algunos afiliados prefieren una estructura de comisiones h\u00edbrida que es una parte de CPA \"tarifa plana\" + combinada con un porcentaje de participaci\u00f3n en los ingresos. Las ofertas h\u00edbridas son exactamente una combinaci\u00f3n de dos planes: CPA m\u00e1s reparto de ingresos. <\/p>\n\n\n\n<p>Consulte con nuestros planes de comisiones h\u00edbridas.<\/p>","protected":false},"excerpt":{"rendered":"<p>Looking to become a successful affiliate, then you\u2019ve come to the right place. Sportsbook and Casino Affiliates can earn commissions from their website&#8217;s traffic and or direct marketing skills. The iGaming industry is one that is constantly growing and evolving, it&#8217;s already widely recognized as a multi-billion dollar market. Our success is measured by affiliate [&hellip;]<\/p>","protected":false},"author":1,"featured_media":0,"parent":0,"menu_order":0,"comment_status":"closed","ping_status":"closed","template":"","meta":[],"_links":{"self":[{"href":"https:\/\/instafiliado.com\/es\/wp-json\/wp\/v2\/pages\/45"}],"collection":[{"href":"https:\/\/instafiliado.com\/es\/wp-json\/wp\/v2\/pages"}],"about":[{"href":"https:\/\/instafiliado.com\/es\/wp-json\/wp\/v2\/types\/page"}],"author":[{"embeddable":true,"href":"https:\/\/instafiliado.com\/es\/wp-json\/wp\/v2\/users\/1"}],"replies":[{"embeddable":true,"href":"https:\/\/instafiliado.com\/es\/wp-json\/wp\/v2\/comments?post=45"}],"version-history":[{"count":40,"href":"https:\/\/instafiliado.com\/es\/wp-json\/wp\/v2\/pages\/45\/revisions"}],"predecessor-version":[{"id":511,"href":"https:\/\/instafiliado.com\/es\/wp-json\/wp\/v2\/pages\/45\/revisions\/511"}],"wp:attachment":[{"href":"https:\/\/instafiliado.com\/es\/wp-json\/wp\/v2\/media?parent=45"}],"curies":[{"name":"wp","href":"https:\/\/api.w.org\/{rel}","templated":true}]}}