{"id":541,"date":"2021-11-22T20:57:20","date_gmt":"2021-11-22T20:57:20","guid":{"rendered":"https:\/\/instafiliado.com\/?page_id=541"},"modified":"2021-11-24T19:13:50","modified_gmt":"2021-11-24T19:13:50","slug":"about-us","status":"publish","type":"page","link":"https:\/\/instafiliado.com\/es\/about-us\/","title":{"rendered":"Sobre Nosotros"},"content":{"rendered":"<p>\u00bfEst\u00e1 buscando el mejor programa de afiliados de casino y apuestas deportivas? El talentoso equipo de Instafiliado es un equipo de marketing de casino y apuestas deportivas de clase mundial. Nuestro equipo de administradores de afiliados son profesionales de cuentas que responden, se adaptan y ayudan a sus clientes a administrar las cuentas con habilidad y entusiasmo. Instafiliado es un programa de socios de juegos en l\u00ednea de primer nivel para afiliados, agencias y revendedores de juegos de azar. Cada miembro de nuestro equipo ama lo que hace y se nota en su trabajo. Le prometemos que cuando construya su negocio, con Instafiliado contar\u00e1 con el apoyo de un grupo din\u00e1mico de personas comprometidas a ayudarlo a alcanzar sus metas.<\/p>\n\n\n\n<h2>Conoce al Equipo - Brasil<\/h2>\n\n\n\n<p><\/p>\n\n\n\n<h3>Emanuela<\/h3>\n\n\n\n<ul><li><strong>Gerente Afiliado<\/strong> &#8211; <strong>BRAZIL<\/strong><\/li><li><strong>Lenguajes Hablados:<\/strong> <strong>Portuguese<\/strong> <strong>(N), Spanish<\/strong><\/li><li><strong>Email:\u00a0<a href=\"mailto:manu@instafiliado.com\">manu@instafiliado.com<\/a><\/strong><\/li><li><strong>Telefone 1: +55 (11) 3197-3246<\/strong><\/li><li><strong>Telefone 2: +55 (61) 4042-1393<\/strong><\/li><li><strong>Skype: @emanuelaramires<\/strong><\/li><\/ul>\n\n\n\n<p><strong>Bio:<\/strong> Siempre construyendo y manteniendo una relaci\u00f3n con sus afiliados con enfoque en la experiencia y con un gran diferencial de mercado, entendiendo sus necesidades y prioridades comerciales.<\/p>\n\n\n\n<p>Manteniendo siempre una comunicaci\u00f3n abierta sobre los problemas cotidianos.<\/p>\n\n\n\n<p>Busque las mejores estrategias comerciales, tendencias y nuevas oportunidades para ponerlas a disposici\u00f3n de sus afiliados.<br>La comunicaci\u00f3n, la fuerte negociaci\u00f3n, la capacidad anal\u00edtica, la innovaci\u00f3n y la capacidad de pensar \"fuera de la caja\" son sus mayores habilidades.<\/p>\n\n\n\n<p>Siempre atentos al mercado de IGaming con novedades e innovaciones para el mercado brasile\u00f1o.<\/p>\n\n\n\n<p>Soy una persona apasionada por los deportes y una buena parrillada, a la que le encanta reunir a amigos y familiares para ver un gran partido de f\u00fatbol y una hermosa pelea de MMA.  Incluso con la prisa de la vida cotidiana, nunca dej\u00f3 de lado su pasi\u00f3n por el Jiu-Jitsu y el Judo.<\/p>\n\n\n\n<p>Emanuela con su forma carism\u00e1tica, enfocada y proactiva estar\u00e1 siempre disponible para transmitir la mejor experiencia a sus afiliados.<\/p>\n\n\n\n<p><\/p>\n\n\n\n<h2>Conoce al Equipo - M\u00e9xico<\/h2>\n\n\n\n<p><\/p>\n\n\n\n<h3>Cynthia<\/h3>\n\n\n\n<ul><li><strong>Gerente Afiliado<\/strong> &#8211; <strong>MEXICO<\/strong><\/li><li><strong>Lenguajes Hablados:<\/strong> <strong>Spanish (N) &amp; English<\/strong><\/li><li><strong>Email:&nbsp;<a href=\"mailto:cynthia@instafiliado.com\">cynthia@instafiliado.com<\/a><\/strong><\/li><li><strong>Phone MX: +525541693123<\/strong><\/li><li><strong>Phone BR: &nbsp;+556140421393<\/strong><\/li><li><strong>WhatsApp: +50688285251<\/strong><\/li><\/ul>\n\n\n\n<p><strong>Bio:<\/strong>&nbsp;Pr\u00f3ximamente<\/p>\n\n\n\n<p><\/p>\n\n\n\n<h3>Alonso<\/h3>\n\n\n\n<ul><li><strong>Gerente Afiliado<\/strong>&#8211; <strong>MEXICO<\/strong><\/li><li><strong>Lenguajes Hablados:<\/strong> <strong>Spanish (N) &amp; English<\/strong><\/li><li><strong>Email:&nbsp;<a href=\"mailto:alonso@instafiliado.com\">alonso@instafiliado.com<\/a><\/strong><\/li><li><strong>Phone MX: +525541693123<\/strong><\/li><li><strong>Phone BR: &nbsp;+556140421393<\/strong><\/li><li><strong>Telegram: @AlonsoGonzalezJ<\/strong><\/li><\/ul>\n\n\n\n<p><strong>Bio:<\/strong> Siempre con dinamismo y energ\u00eda, Alonso pone en pr\u00e1ctica sus mejores habilidades de networking para construir relaciones exitosas con sus afiliados. Su gran experiencia en la industria del iGaming adem\u00e1s de su pasion por el deporte son pilares a la hora de forjar estrechas colaboraciones con sus afiliados y acelerar el proceso de crecimiento de las cuentas que gestiona.<\/p>\n\n\n\n<p>Su especializaci\u00f3n en el \u00e1rea de Reporting y su contribuci\u00f3n en nuestras campa\u00f1as de adquisici\u00f3n son pilares fundamentales en nuestro equipo de trabajo.<\/p>\n\n\n\n<p>Entuasiasta del vino y carism\u00e1tico, Alonso disfrutar\u00e1 de compartir una copa acompa\u00f1ada de una agradable conversaci\u00f3n.<\/p>","protected":false},"excerpt":{"rendered":"<p>Looking for the best casino and sportsbook affiliate program? The talented Instafiliado team is a world class sportsbook and casino Marketing team. Our team of Affiliate Managers are adaptable account professionals who are responsive and help their clients manage accounts with skill and enthusiasm. Instafiliado is a top notch online gaming partner program for gambling [&hellip;]<\/p>","protected":false},"author":3,"featured_media":0,"parent":0,"menu_order":0,"comment_status":"closed","ping_status":"closed","template":"","meta":[],"_links":{"self":[{"href":"https:\/\/instafiliado.com\/es\/wp-json\/wp\/v2\/pages\/541"}],"collection":[{"href":"https:\/\/instafiliado.com\/es\/wp-json\/wp\/v2\/pages"}],"about":[{"href":"https:\/\/instafiliado.com\/es\/wp-json\/wp\/v2\/types\/page"}],"author":[{"embeddable":true,"href":"https:\/\/instafiliado.com\/es\/wp-json\/wp\/v2\/users\/3"}],"replies":[{"embeddable":true,"href":"https:\/\/instafiliado.com\/es\/wp-json\/wp\/v2\/comments?post=541"}],"version-history":[{"count":24,"href":"https:\/\/instafiliado.com\/es\/wp-json\/wp\/v2\/pages\/541\/revisions"}],"predecessor-version":[{"id":591,"href":"https:\/\/instafiliado.com\/es\/wp-json\/wp\/v2\/pages\/541\/revisions\/591"}],"wp:attachment":[{"href":"https:\/\/instafiliado.com\/es\/wp-json\/wp\/v2\/media?parent=541"}],"curies":[{"name":"wp","href":"https:\/\/api.w.org\/{rel}","templated":true}]}}