{"id":324,"date":"2021-01-18T22:05:11","date_gmt":"2021-01-18T22:05:11","guid":{"rendered":"https:\/\/instafiliado.com\/?page_id=324"},"modified":"2021-07-22T17:00:12","modified_gmt":"2021-07-22T17:00:12","slug":"instabet-mx","status":"publish","type":"page","link":"https:\/\/instafiliado.com\/pt\/our-brands\/instabet-mx\/","title":{"rendered":"Instabet.mx"},"content":{"rendered":"<p><strong>Instabet Overview<\/strong><\/p>\n\n\n\n<p>InstaBET.mx \u00e9 uma marca de apostas esportivas e cassino licenciada exclusivamente para resid\u00eancias no M\u00e9xico. <br><br>InstaBET.mx \u00e9 uma marca de apostas esportivas e cassinos licenciada exclusivamente para as resid\u00eancias do M\u00e9xico. InstaBET.mx oferece uma plataforma de apostas esportivas de primeira classe e um destino de cassino online como outro. Desfrute da a\u00e7\u00e3o das apostas desportivas e da emo\u00e7\u00e3o do jogo de pessoas que s\u00e3o apaixonadas pela satisfa\u00e7\u00e3o dos seus clientes.<\/p>\n\n\n\n<p>Em um curto per\u00edodo, o Instabet.mx se estabeleceu como uma op\u00e7\u00e3o popular para os entusiastas do jogo mexicano em busca de um lugar divertido, seguro e incrivelmente lucrativo para apostar.&nbsp;<\/p>\n\n\n\n<p>As suas apostas desportivas oferecem uma grande variedade de op\u00e7\u00f5es de apostas, desde futebol, futebol, MMA e \/ ou boxe, bem como desportos internacionais como o rugby e o cr\u00edquete. Voc\u00ea pode at\u00e9 apostar em jogos de entretenimento, pol\u00edtica e esportes simulados, como FIFA20 e League of Legends.<\/p>\n\n\n\n<p>O Cassino da Instabet \u00e9 o complemento perfeito para as apostas esportivas, oferecendo centenas de op\u00e7\u00f5es de ca\u00e7a-n\u00edqueis exclusivas (muitas das quais s\u00e3o 3D), jogos de mesa cl\u00e1ssicos como Blackjack e Roleta e op\u00e7\u00f5es de Cassino ao vivo para jogadores que desejam realmente mergulhar na a\u00e7\u00e3o.&nbsp;<\/p>\n\n\n\n<p>Com uma interface clara e colorida, um fluxo infinito de esportes e eventos para apostar, centenas de op\u00e7\u00f5es de cassino e um Racebook de primeira linha, Instabet.mx \u00e9 o seu balc\u00e3o \u00fanico quando se trata de apostas online.<\/p>\n\n\n\n<p>B\u00f4nus<\/p>\n\n\n\n<p>B\u00f4nus de Boas Vindas<\/p>\n\n\n\n<ul><li>100% Sign-up Bonus<ul><li>O B\u00f4nus de Primeiro Dep\u00f3sito oferece um B\u00f4nus de 100% sobre o valor do seu dep\u00f3sito inicial. O dep\u00f3sito m\u00ednimo para receber este b\u00f4nus \u00e9 de R $ 50. O b\u00f4nus m\u00e1ximo que voc\u00ea pode receber \u00e9 de R $ 4.000. O requisito de rollover para este b\u00f4nus \u00e9 10 vezes (10x) e uma vez (1x) para o valor do dep\u00f3sito original antes que os fundos sejam eleg\u00edveis para saque.<\/li><\/ul><\/li><\/ul>\n\n\n\n<p>C\u00f3digo promocional: <strong>DEPORTES100<\/strong><\/p>\n\n\n\n<p>B\u00f4nus de apostas esportivas para clientes<\/p>\n\n\n\n<ul><li>25% Sports Reload<ul><li>O b\u00f4nus de recarga esportiva de 25% concede aos jogadores at\u00e9 R $ 2.000 para dep\u00f3sitos qualificados. Este b\u00f4nus pode ser resgatado at\u00e9 3 vezes por dia.<\/li><\/ul><\/li><li>8% de desconto para cavalos<ul><li>Fa\u00e7a uma aposta em corridas de cavalos e receba um desconto de 8% depositado em sua conta.<\/li><\/ul><\/li><li>B\u00f4nus de indica\u00e7\u00e3o de 200%<ul><li>Receba at\u00e9 R $800 toda vez que um de seus amigos se cadastrar e depositar em uma nova conta Instabet.<\/li><\/ul><\/li><\/ul>\n\n\n\n<p>Rolar<\/p>\n\n\n\n<p>Cada b\u00f4nus vem com um requisito de rollover, que \u00e9 um padr\u00e3o do setor.<\/p>\n\n\n\n<p>O b\u00f4nus t\u00edpico ser\u00e1 acompanhado por uma exig\u00eancia de rollover de 10x, o que significa que se voc\u00ea depositou R $ 100 e recebeu um b\u00f4nus de 100%, seu rollover total seria igual a (100 + 100) x 10 = R $ 2.000.<br><br>Os requisitos de aposta (rollover) devem ser atendidos antes de solicitar um pagamento. Exemplo de rollover:<\/p>\n\n\n\n<ul><li>Deposit: $1,000<\/li><li>Bonus: $1,000<\/li><li>Rolar: 10x<\/li><\/ul>\n\n\n\n<p>Requisito de aposta antes de retirar:<\/p>\n\n\n\n<ul><li>$1,000 x 1 = $1,000<\/li><li>$1,000 x 10 = $10,000<\/li><li>Total: $11,000<\/li><\/ul>\n\n\n\n<p>O rollover n\u00e3o \u00e9 o valor que voc\u00ea precisa para ganhar ou perder, apenas o valor total que precisa ser apostado antes de poder sacar. Alguns se referem a isso como seu identificador de aposta ativo, que come\u00e7a cada vez que voc\u00ea recebe um b\u00f4nus de dep\u00f3sito.<\/p>\n\n\n\n<p>Dep\u00f3sitos<\/p>\n\n\n\n<p>Existem v\u00e1rias maneiras de depositar fundos em sua conta Instabet, muitas das quais podem ser acessadas instantaneamente. Abaixo, voc\u00ea encontrar\u00e1 todas as op\u00e7\u00f5es de dep\u00f3sito do Instabet, juntamente com os m\u00ednimos e m\u00e1ximos por dep\u00f3sito, bem como o tempo que levam para serem processados.<\/p>\n\n\n\n<ul><li>Visa \/ Mastercard: Min. $ 45 MXN, m\u00e1x. $ 3.200 MXN<\/li><li>Transfer\u00eancias de dinheiro: m\u00edn. $ 20 MXN, m\u00e1x. $ 10.000 MXN<br>Las ubicaciones de transferencia de efectivo incluyen: Oxxo, 7Eleven, Walmart y Soriana<\/li><li>Todito Cash: Min. $ 10 MXN, m\u00e1x. $ 3.000 MXN<\/li><li>SPEI \u00e9 um sistema desenvolvido e operado pelo Banco de M\u00e9xico: Min. $ 20 MXN, m\u00e1x. $ 10.000 MXN<\/li><\/ul>\n\n\n\n<p><\/p>\n\n\n\n<pre class=\"wp-block-code\"><code><iframe loading=\"lazy\" src=\"https:\/\/player.vimeo.com\/video\/504591931\" allow=\"autoplay; fullscreen; picture-in-picture\" allowfullscreen=\"\" width=\"420\" height=\"570\" frameborder=\"0\"><\/iframe><\/code><\/pre>\n\n\n\n<p><\/p>","protected":false},"excerpt":{"rendered":"<p>Instabet Overview InstaBET.mx, is a fully legal licensed sportsbook and casino brand exclusive to residences of Mexico. InstaBET.mx offers a first in class sports betting platform and an online casino destination like to other. Enjoy the action of sports betting and the excitement of gambling from people who are passionate about their customers satisfaction. In [&hellip;]<\/p>","protected":false},"author":3,"featured_media":443,"parent":22,"menu_order":0,"comment_status":"closed","ping_status":"closed","template":"","meta":[],"_links":{"self":[{"href":"https:\/\/instafiliado.com\/pt\/wp-json\/wp\/v2\/pages\/324"}],"collection":[{"href":"https:\/\/instafiliado.com\/pt\/wp-json\/wp\/v2\/pages"}],"about":[{"href":"https:\/\/instafiliado.com\/pt\/wp-json\/wp\/v2\/types\/page"}],"author":[{"embeddable":true,"href":"https:\/\/instafiliado.com\/pt\/wp-json\/wp\/v2\/users\/3"}],"replies":[{"embeddable":true,"href":"https:\/\/instafiliado.com\/pt\/wp-json\/wp\/v2\/comments?post=324"}],"version-history":[{"count":17,"href":"https:\/\/instafiliado.com\/pt\/wp-json\/wp\/v2\/pages\/324\/revisions"}],"predecessor-version":[{"id":459,"href":"https:\/\/instafiliado.com\/pt\/wp-json\/wp\/v2\/pages\/324\/revisions\/459"}],"up":[{"embeddable":true,"href":"https:\/\/instafiliado.com\/pt\/wp-json\/wp\/v2\/pages\/22"}],"wp:featuredmedia":[{"embeddable":true,"href":"https:\/\/instafiliado.com\/pt\/wp-json\/wp\/v2\/media\/443"}],"wp:attachment":[{"href":"https:\/\/instafiliado.com\/pt\/wp-json\/wp\/v2\/media?parent=324"}],"curies":[{"name":"wp","href":"https:\/\/api.w.org\/{rel}","templated":true}]}}