{"id":45,"date":"2020-09-07T17:43:29","date_gmt":"2020-09-07T17:43:29","guid":{"rendered":"http:\/\/instafiliado.com\/?page_id=45"},"modified":"2021-09-27T13:03:20","modified_gmt":"2021-09-27T13:03:20","slug":"program-details","status":"publish","type":"page","link":"https:\/\/instafiliado.com\/pt\/program-details\/","title":{"rendered":"Detalhes Do Programa"},"content":{"rendered":"<p class=\"has-text-align-center has-medium-font-size\"><strong>Procurando se tornar um afiliado de sucesso, voc\u00ea veio ao lugar certo.<\/strong><\/p>\n\n\n\n<p>Afiliados de apostas esportivas e cassinos podem ganhar comiss\u00f5es do tr\u00e1fego de seus sites e \/ ou habilidades de marketing direto. A ind\u00fastria de Apostas Esportivas est\u00e1 em constante crescimento e evolu\u00e7\u00e3o, j\u00e1 \u00e9 amplamente reconhecida como um mercado de bilh\u00f5es de d\u00f3lares. Nosso sucesso \u00e9 medido pelo aumento da renda dos afiliados e pela convers\u00e3o de tr\u00e1fego. Nosso \u00fanico objetivo \u00e9 construir parceiros de longo prazo para as marcas InstaBET e para que elas entreguem um produto de Apostas Esportivas e Cassino online de primeira linha para os mercados da Am\u00e9rica Latina. Observe que o principal mercado para Instabet.mx \u00e9 para residentes mexicanos e Instabet.net para resid\u00eancias brasileiras. O Instabet.com ser\u00e1 para todos os outros GEOs da LATAM.        <\/p>\n\n\n\n<p>Promova o Instabet agora e ganhe um peda\u00e7o da a\u00e7\u00e3o. <\/p>\n\n\n\n<p><\/p>\n\n\n\n<figure class=\"wp-block-image\"><img alt=\"\"\/><\/figure>\n\n\n\n<h2>Compartilhamento de receita<\/h2>\n\n\n\n<div class=\"wp-block-image\"><figure class=\"alignleft size-large is-resized\"><img decoding=\"async\" loading=\"lazy\" src=\"https:\/\/instafiliado.com\/wp-content\/uploads\/2021\/09\/PT-REVSHARE-186x141-1.jpg\" alt=\"\" class=\"wp-image-66\" width=\"139\" height=\"139\" srcset=\"https:\/\/instafiliado.com\/wp-content\/uploads\/2021\/09\/PT-REVSHARE-186x141-1.jpg 388w, https:\/\/instafiliado.com\/wp-content\/uploads\/2021\/09\/PT-REVSHARE-186x141-1-300x227.jpg 300w, https:\/\/instafiliado.com\/wp-content\/uploads\/2021\/09\/PT-REVSHARE-186x141-1-16x12.jpg 16w\" sizes=\"(max-width: 139px) 100vw, 139px\" \/><\/figure><\/div>\n\n\n\n<p><br>Nossa op\u00e7\u00e3o de comiss\u00e3o mais popular \u00e9 nosso generoso plano de divis\u00e3o de receita em 4 camadas. Quando ganhamos dinheiro, voc\u00ea tamb\u00e9m ganha! Oferecemos aos nossos parceiros at\u00e9 35% do NGR total dos clientes que voc\u00ea indica para nossas marcas.<br><\/p>\n\n\n\n<p><\/p>\n\n\n\n<figure class=\"wp-block-image\"><img alt=\"\"\/><\/figure>\n\n\n\n<p><\/p>\n\n\n\n<hr class=\"wp-block-separator has-text-color has-background has-cyan-bluish-gray-background-color has-cyan-bluish-gray-color is-style-wide\"\/>\n\n\n\n<div style=\"height:50px\" aria-hidden=\"true\" class=\"wp-block-spacer\"><\/div>\n\n\n\n<h2>Custo por Aquisi\u00e7\u00e3o (CPA)<\/h2>\n\n\n\n<div class=\"wp-block-image\"><figure class=\"alignleft size-large is-resized\"><img decoding=\"async\" loading=\"lazy\" src=\"https:\/\/instafiliado.com\/wp-content\/uploads\/2021\/09\/PT-CPA-186x141-1.jpg\" alt=\"\" class=\"wp-image-82\" width=\"139\" height=\"139\" srcset=\"https:\/\/instafiliado.com\/wp-content\/uploads\/2021\/09\/PT-CPA-186x141-1.jpg 388w, https:\/\/instafiliado.com\/wp-content\/uploads\/2021\/09\/PT-CPA-186x141-1-300x228.jpg 300w, https:\/\/instafiliado.com\/wp-content\/uploads\/2021\/09\/PT-CPA-186x141-1-16x12.jpg 16w\" sizes=\"(max-width: 139px) 100vw, 139px\" \/><\/figure><\/div>\n\n\n\n<p><\/p>\n\n\n\n<p>Os afiliados podem solicitar uma estrutura de comiss\u00e3o de custo por aquisi\u00e7\u00e3o (CPA). Observe que isso significa que o jogador atingiu o dep\u00f3sito m\u00ednimo que se qualifica para a receita do CPA. <\/p>\n\n\n\n<p>Ap\u00f3s ter aberto uma conta, por favor, pergunte diretamente via e-mail em <a href=\"https:\/\/instafiliado.com\/pt\/#\">afiliado@instafiliado.com<\/a> se voc\u00ea preferir ter uma conta CPA. Poderemos revisar melhor o que podemos oferecer com base na marca, canal do produto, qualidade do tr\u00e1fego e localiza\u00e7\u00e3o geogr\u00e1fica.<\/p>\n\n\n\n<p><br><\/p>\n\n\n\n<hr class=\"wp-block-separator has-text-color has-background has-cyan-bluish-gray-background-color has-cyan-bluish-gray-color is-style-wide\"\/>\n\n\n\n<div style=\"height:50px\" aria-hidden=\"true\" class=\"wp-block-spacer\"><\/div>\n\n\n\n<h2>Planos de comiss\u00e3o h\u00edbridas<\/h2>\n\n\n\n<div class=\"wp-block-image\"><figure class=\"alignleft size-large is-resized\"><img decoding=\"async\" loading=\"lazy\" src=\"https:\/\/instafiliado.com\/wp-content\/uploads\/2021\/09\/PT-HIBRIDO-186x141-1.jpg\" alt=\"\" class=\"wp-image-83\" width=\"139\" height=\"139\"\/><\/figure><\/div>\n\n\n\n<p>Alguns afiliados preferem uma estrutura de comiss\u00e3o h\u00edbrida que faz parte da \"taxa fixa\" do CPA + combinada com uma porcentagem de divis\u00e3o da receita. As ofertas h\u00edbridas s\u00e3o exatamente uma combina\u00e7\u00e3o de dois planos: CPA mais compartilhamento de receita. <\/p>\n\n\n\n<p>Consulte nossos planos de comiss\u00e3o h\u00edbrida.<\/p>","protected":false},"excerpt":{"rendered":"<p>Looking to become a successful affiliate, then you\u2019ve come to the right place. Sportsbook and Casino Affiliates can earn commissions from their website&#8217;s traffic and or direct marketing skills. The iGaming industry is one that is constantly growing and evolving, it&#8217;s already widely recognized as a multi-billion dollar market. Our success is measured by affiliate [&hellip;]<\/p>","protected":false},"author":1,"featured_media":0,"parent":0,"menu_order":0,"comment_status":"closed","ping_status":"closed","template":"","meta":[],"_links":{"self":[{"href":"https:\/\/instafiliado.com\/pt\/wp-json\/wp\/v2\/pages\/45"}],"collection":[{"href":"https:\/\/instafiliado.com\/pt\/wp-json\/wp\/v2\/pages"}],"about":[{"href":"https:\/\/instafiliado.com\/pt\/wp-json\/wp\/v2\/types\/page"}],"author":[{"embeddable":true,"href":"https:\/\/instafiliado.com\/pt\/wp-json\/wp\/v2\/users\/1"}],"replies":[{"embeddable":true,"href":"https:\/\/instafiliado.com\/pt\/wp-json\/wp\/v2\/comments?post=45"}],"version-history":[{"count":40,"href":"https:\/\/instafiliado.com\/pt\/wp-json\/wp\/v2\/pages\/45\/revisions"}],"predecessor-version":[{"id":511,"href":"https:\/\/instafiliado.com\/pt\/wp-json\/wp\/v2\/pages\/45\/revisions\/511"}],"wp:attachment":[{"href":"https:\/\/instafiliado.com\/pt\/wp-json\/wp\/v2\/media?parent=45"}],"curies":[{"name":"wp","href":"https:\/\/api.w.org\/{rel}","templated":true}]}}