{"id":541,"date":"2021-11-22T20:57:20","date_gmt":"2021-11-22T20:57:20","guid":{"rendered":"https:\/\/instafiliado.com\/?page_id=541"},"modified":"2021-11-24T19:13:50","modified_gmt":"2021-11-24T19:13:50","slug":"about-us","status":"publish","type":"page","link":"https:\/\/instafiliado.com\/pt\/about-us\/","title":{"rendered":"Sobre N\u00f3s"},"content":{"rendered":"<p>Est\u00e1 procurando o melhor programa de afiliados de cassino e apostas esportivas? Nossa talentosa equipe de Instafiliado \u00e9 uma equipe de marketing de cassino e apostas esportivas de classe mundial. Nossa equipe de gerentes de afiliados s\u00e3o profissionais de contas que respondem, se adaptam e ajudam seus clientes a gerenciar as contas com habilidade e entusiasmo. Instafiliado \u00e9 um programa de parceiros de jogos online de primeiro n\u00edvel para afiliados, ag\u00eancias e revendedores de jogos de azar. Cada membro da nossa equipe adora o que faz e nota-se no seu trabalho. Prometemos-lhe que, quando construir o seu neg\u00f3cio, com o Instafiliado, ter\u00e1 o apoio de um grupo din\u00e2mico de pessoas empenhadas em ajud\u00e1-lo a atingir os seus objectivos.<\/p>\n\n\n\n<h2>Conhe\u00e7a a Equipe - Brasil<\/h2>\n\n\n\n<p><\/p>\n\n\n\n<h3>Emanuela<\/h3>\n\n\n\n<ul><li><strong>Gerente de Afiliados<\/strong> &#8211; <strong>BRASIL<\/strong><\/li><li><strong>Idiomas:<\/strong> <strong>Portugu\u00eas<\/strong> <strong>(Nativo), Espanhol<\/strong><\/li><li><strong>Email:\u00a0<a href=\"mailto:manu@instafiliado.com\">manu@instafiliado.com<\/a><\/strong><\/li><li><strong>Telefone 1: +55 (11) 3197-3246<\/strong><\/li><li><strong>Telefone 2: +55 (61) 4042-1393<\/strong><\/li><li><strong>Skype: @emanuelaramires<\/strong><\/li><\/ul>\n\n\n\n<p><strong>Bio:<\/strong> Sempre construindo e mantendo um relacionamento com seus afiliados com foco na experi\u00eancia e com grande diferencial do mercado, entendendo suas necessidades e prioridades de neg\u00f3cios.<\/p>\n\n\n\n<p>Mantendo sempre uma comunica\u00e7\u00e3o aberta sobre as quest\u00f5es do dia-a-dia.<\/p>\n\n\n\n<p>Busca as melhores estrat\u00e9gias de neg\u00f3cios, tend\u00eancias e novas oportunidades para disponibilizar a seus afiliados.<br>Comunica\u00e7\u00e3o, negocia\u00e7\u00e3o forte, habilidades anal\u00edticas, inova\u00e7\u00e3o e capacidade de pensar \u201cfora da caixa\u201d s\u00e3o suas maiores habilidades.<\/p>\n\n\n\n<p>Sempre atenta ao mercado de IGaming com novidades e inova\u00e7\u00f5es para o mercado Brasileiro.<\/p>\n\n\n\n<p>Sou uma pessoa apaixonada por esportes e um belo churrasco, que ama juntar os amigos e familiares para assistir um grande jogo de futebol e uma bela luta de MMA. Mesmo com a correria do cotidiano nunca deixou a sua paix\u00e3o por Jiu-Jitsu e Jud\u00f4 de lado.<\/p>\n\n\n\n<p>Emanuela com sua forma carism\u00e1tica, centrada e pr\u00f3-ativa sempre estar\u00e1 dispon\u00edvel para repassar a melhor experi\u00eancia a seus afiliados.<\/p>\n\n\n\n<p><\/p>\n\n\n\n<h2>Conhe\u00e7a a Equipe - M\u00e9xico<\/h2>\n\n\n\n<p><\/p>\n\n\n\n<h3>Cynthia<\/h3>\n\n\n\n<ul><li><strong>Gerente de Afiliados<\/strong> &#8211; <strong>MEXICO<\/strong><\/li><li><strong>Idiomas:<\/strong> <strong>Espanhol (Nativo) e Ingl\u00eas<\/strong><\/li><li><strong>Email:&nbsp;<a href=\"mailto:cynthia@instafiliado.com\">cynthia@instafiliado.com<\/a><\/strong><\/li><li><strong>Phone MX: +525541693123<\/strong><\/li><li><strong>Phone BR: &nbsp;+556140421393<\/strong><\/li><li><strong>WhatsApp: +50688285251<\/strong><\/li><\/ul>\n\n\n\n<p><strong>Bio:<\/strong>&nbsp;Em breve<\/p>\n\n\n\n<p><\/p>\n\n\n\n<h3>Alonso<\/h3>\n\n\n\n<ul><li><strong>Gerente de Afiliados<\/strong>&#8211; <strong>MEXICO<\/strong><\/li><li><strong>Idiomas:<\/strong> <strong>Espanhol (Nativo) e Ingl\u00eas<\/strong><\/li><li><strong>Email:&nbsp;<a href=\"mailto:alonso@instafiliado.com\">alonso@instafiliado.com<\/a><\/strong><\/li><li><strong>Phone MX: +525541693123<\/strong><\/li><li><strong>Phone BR: &nbsp;+556140421393<\/strong><\/li><li><strong>Telegram: @AlonsoGonzalezJ<\/strong><\/li><\/ul>\n\n\n\n<p><strong>Bio:<\/strong> Sempre com dinamismo e energia, Alonso coloca em pr\u00e1tica suas melhores habilidades de networking para construir relacionamentos de sucesso com seus afiliados.  Sua vasta experi\u00eancia na ind\u00fastria de iGaming, bem como sua paix\u00e3o por esportes, s\u00e3o pilares quando se trata de estabelecer uma estreita colabora\u00e7\u00e3o com seus afiliados e acelerar o processo de crescimento das contas que ele administra.<\/p>\n\n\n\n<p>A sua especializa\u00e7\u00e3o na \u00e1rea de Reporting e a sua contribui\u00e7\u00e3o para as nossas campanhas de aquisi\u00e7\u00f5es s\u00e3o pilares fundamentais da nossa equipa de trabalho.<\/p>\n\n\n\n<p>Admirador de vinho e carism\u00e1tico, Alonso vai adorar compartilhar uma ta\u00e7a acompanhada de uma agrad\u00e1vel conversa.<\/p>","protected":false},"excerpt":{"rendered":"<p>Looking for the best casino and sportsbook affiliate program? The talented Instafiliado team is a world class sportsbook and casino Marketing team. Our team of Affiliate Managers are adaptable account professionals who are responsive and help their clients manage accounts with skill and enthusiasm. Instafiliado is a top notch online gaming partner program for gambling [&hellip;]<\/p>","protected":false},"author":3,"featured_media":0,"parent":0,"menu_order":0,"comment_status":"closed","ping_status":"closed","template":"","meta":[],"_links":{"self":[{"href":"https:\/\/instafiliado.com\/pt\/wp-json\/wp\/v2\/pages\/541"}],"collection":[{"href":"https:\/\/instafiliado.com\/pt\/wp-json\/wp\/v2\/pages"}],"about":[{"href":"https:\/\/instafiliado.com\/pt\/wp-json\/wp\/v2\/types\/page"}],"author":[{"embeddable":true,"href":"https:\/\/instafiliado.com\/pt\/wp-json\/wp\/v2\/users\/3"}],"replies":[{"embeddable":true,"href":"https:\/\/instafiliado.com\/pt\/wp-json\/wp\/v2\/comments?post=541"}],"version-history":[{"count":24,"href":"https:\/\/instafiliado.com\/pt\/wp-json\/wp\/v2\/pages\/541\/revisions"}],"predecessor-version":[{"id":591,"href":"https:\/\/instafiliado.com\/pt\/wp-json\/wp\/v2\/pages\/541\/revisions\/591"}],"wp:attachment":[{"href":"https:\/\/instafiliado.com\/pt\/wp-json\/wp\/v2\/media?parent=541"}],"curies":[{"name":"wp","href":"https:\/\/api.w.org\/{rel}","templated":true}]}}